{"id":11,"date":"2016-06-14T17:44:04","date_gmt":"2016-06-14T20:44:04","guid":{"rendered":"http:\/\/localhost:8080\/wordpress\/?page_id=11"},"modified":"2019-06-07T17:55:33","modified_gmt":"2019-06-07T17:55:33","slug":"contato","status":"publish","type":"page","link":"https:\/\/gazetadoabranches.com\/index.php\/contato\/","title":{"rendered":"Contato"},"content":{"rendered":"<h3>&nbsp;<\/h3>\n<h4><strong>Expediente:<\/strong><\/h4>\n<p>E-mail: gazetadoabranches@hotmail.com<br \/>\nEndere\u00e7o: Rua Prodocimo Lago, 303 casa 05 &#8211; Abranches<br \/>\nDiretora Respons\u00e1vel: Cassia Camargo (41) 99892-1976<br \/>\nDiretor Comercial: Mois\u00e9s Junior (41)&nbsp;99708-0535<\/p>\n<h3>&nbsp;<\/h3>\n<h3><span style=\"color: #000000;\"><a style=\"color: #000000;\" href=\"http:\/\/gazetadoabranches.esy.es\/wp-content\/uploads\/2016\/06\/qnnel-2.jpg\"><img loading=\"lazy\" decoding=\"async\" class=\"alignnone wp-image-212 size-full\" src=\"http:\/\/gazetadoabranches.esy.es\/wp-content\/uploads\/2016\/06\/qnnel-2.jpg\" alt=\"qnnel\" width=\"3544\" height=\"474\"><\/a><\/span><\/h3>\n<p>&nbsp;<\/p>\n<p>&nbsp;<\/p>\n<p>&nbsp;<\/p>\n","protected":false},"excerpt":{"rendered":"<p>&nbsp; Expediente: E-mail: gazetadoabranches@hotmail.com Endere\u00e7o: Rua Prodocimo Lago, 303 casa 05 &#8211; Abranches Diretora Respons\u00e1vel: Cassia Camargo (41) 99892-1976 Diretor Comercial: Mois\u00e9s Junior (41)&nbsp;99708-0535 &nbsp; &nbsp; &nbsp; &nbsp;<\/p>\n","protected":false},"author":2,"featured_media":0,"parent":0,"menu_order":7,"comment_status":"closed","ping_status":"closed","template":"","meta":{"ngg_post_thumbnail":0,"jetpack_post_was_ever_published":false,"amp_status":"","footnotes":""},"class_list":["post-11","page","type-page","status-publish","hentry"],"aioseo_notices":[],"jetpack-related-posts":[],"jetpack_likes_enabled":true,"jetpack_sharing_enabled":true,"_links":{"self":[{"href":"https:\/\/gazetadoabranches.com\/index.php\/wp-json\/wp\/v2\/pages\/11","targetHints":{"allow":["GET"]}}],"collection":[{"href":"https:\/\/gazetadoabranches.com\/index.php\/wp-json\/wp\/v2\/pages"}],"about":[{"href":"https:\/\/gazetadoabranches.com\/index.php\/wp-json\/wp\/v2\/types\/page"}],"author":[{"embeddable":true,"href":"https:\/\/gazetadoabranches.com\/index.php\/wp-json\/wp\/v2\/users\/2"}],"replies":[{"embeddable":true,"href":"https:\/\/gazetadoabranches.com\/index.php\/wp-json\/wp\/v2\/comments?post=11"}],"version-history":[{"count":18,"href":"https:\/\/gazetadoabranches.com\/index.php\/wp-json\/wp\/v2\/pages\/11\/revisions"}],"predecessor-version":[{"id":3991,"href":"https:\/\/gazetadoabranches.com\/index.php\/wp-json\/wp\/v2\/pages\/11\/revisions\/3991"}],"wp:attachment":[{"href":"https:\/\/gazetadoabranches.com\/index.php\/wp-json\/wp\/v2\/media?parent=11"}],"curies":[{"name":"wp","href":"https:\/\/api.w.org\/{rel}","templated":true}]}}