{"id":5,"date":"2016-06-14T17:17:36","date_gmt":"2016-06-14T20:17:36","guid":{"rendered":"http:\/\/localhost:8080\/wordpress\/?page_id=2"},"modified":"2017-09-05T20:57:53","modified_gmt":"2017-09-05T20:57:53","slug":"sobre","status":"publish","type":"page","link":"https:\/\/gazetadoabranches.com\/index.php\/sobre\/","title":{"rendered":"Sobre"},"content":{"rendered":"","protected":false},"excerpt":{"rendered":"","protected":false},"author":2,"featured_media":0,"parent":0,"menu_order":15,"comment_status":"closed","ping_status":"open","template":"","meta":{"ngg_post_thumbnail":0,"jetpack_post_was_ever_published":false,"amp_status":"","footnotes":""},"class_list":["post-5","page","type-page","status-publish","hentry"],"aioseo_notices":[],"jetpack-related-posts":[{"id":903,"url":"https:\/\/gazetadoabranches.com\/index.php\/historia-do-jornal\/","url_meta":{"origin":5,"position":0},"title":"Hist\u00f3ria do jornal","author":"Gazeta do Abranches","date":"setembro 5, 2017","format":false,"excerpt":"O Jornal Gazeta do Abranches, \u00e9 um informativo que teve in\u00edcio em mar\u00e7o de 1996, sempre levando as informa\u00e7\u00f5es da nossa regi\u00e3o a toda a comunidade. O jornal tamb\u00e9m trabalha com um elo de liga\u00e7\u00e3o entre a popula\u00e7\u00e3o e o poder p\u00fablico, por estar sempre ouvindo os leitores e levando\u2026","rel":"","context":"Post similar","block_context":{"text":"Post similar","link":""},"img":{"alt_text":"Fotoshis","src":"https:\/\/i0.wp.com\/gazetaabranches.com.br\/wp-content\/uploads\/2017\/09\/Fotoshis-1024x359.png?resize=350%2C200","width":350,"height":200,"srcset":"https:\/\/i0.wp.com\/gazetaabranches.com.br\/wp-content\/uploads\/2017\/09\/Fotoshis-1024x359.png?resize=350%2C200 1x, https:\/\/i0.wp.com\/gazetaabranches.com.br\/wp-content\/uploads\/2017\/09\/Fotoshis-1024x359.png?resize=525%2C300 1.5x, https:\/\/i0.wp.com\/gazetaabranches.com.br\/wp-content\/uploads\/2017\/09\/Fotoshis-1024x359.png?resize=700%2C400 2x"},"classes":[]},{"id":906,"url":"https:\/\/gazetadoabranches.com\/index.php\/por-que-anunciar\/","url_meta":{"origin":5,"position":1},"title":"Por que anunciar ?","author":"Gazeta do Abranches","date":"setembro 5, 2017","format":false,"excerpt":"Para os leitores de jornal, entre duas informa\u00e7\u00f5es diferentes sobre o mesmo assunto em dois meios, a do jornal sempre \u00e9 a mais confi\u00e1vel. 1. Jornal \u00e9 o ve\u00edculo de comunica\u00e7\u00e3o mais confi\u00e1vel para 58% dos brasileiros.Fonte: Pesquisa Brasileira de M\u00eddia 2015 \u2013 Ibope para Secretaria de Comunica\u00e7\u00e3o Social (Secom)\u2026","rel":"","context":"Post similar","block_context":{"text":"Post similar","link":""},"img":{"alt_text":"P_A","src":"https:\/\/i0.wp.com\/gazetaabranches.com.br\/wp-content\/uploads\/2017\/09\/P_A.png?resize=350%2C200","width":350,"height":200},"classes":[]}],"jetpack_likes_enabled":true,"jetpack_sharing_enabled":true,"_links":{"self":[{"href":"https:\/\/gazetadoabranches.com\/index.php\/wp-json\/wp\/v2\/pages\/5","targetHints":{"allow":["GET"]}}],"collection":[{"href":"https:\/\/gazetadoabranches.com\/index.php\/wp-json\/wp\/v2\/pages"}],"about":[{"href":"https:\/\/gazetadoabranches.com\/index.php\/wp-json\/wp\/v2\/types\/page"}],"author":[{"embeddable":true,"href":"https:\/\/gazetadoabranches.com\/index.php\/wp-json\/wp\/v2\/users\/2"}],"replies":[{"embeddable":true,"href":"https:\/\/gazetadoabranches.com\/index.php\/wp-json\/wp\/v2\/comments?post=5"}],"version-history":[{"count":20,"href":"https:\/\/gazetadoabranches.com\/index.php\/wp-json\/wp\/v2\/pages\/5\/revisions"}],"predecessor-version":[{"id":913,"href":"https:\/\/gazetadoabranches.com\/index.php\/wp-json\/wp\/v2\/pages\/5\/revisions\/913"}],"wp:attachment":[{"href":"https:\/\/gazetadoabranches.com\/index.php\/wp-json\/wp\/v2\/media?parent=5"}],"curies":[{"name":"wp","href":"https:\/\/api.w.org\/{rel}","templated":true}]}}