{"id":879,"date":"2017-09-05T19:48:44","date_gmt":"2017-09-05T19:48:44","guid":{"rendered":"http:\/\/gazetaabranches.com.br\/?page_id=879"},"modified":"2020-06-04T18:48:21","modified_gmt":"2020-06-04T18:48:21","slug":"historia","status":"publish","type":"page","link":"https:\/\/gazetadoabranches.com\/index.php\/historia\/","title":{"rendered":"Hist\u00f3ria"},"content":{"rendered":"","protected":false},"excerpt":{"rendered":"","protected":false},"author":1,"featured_media":0,"parent":0,"menu_order":12,"comment_status":"closed","ping_status":"closed","template":"","meta":{"ngg_post_thumbnail":0,"jetpack_post_was_ever_published":false,"amp_status":"","footnotes":""},"class_list":["post-879","page","type-page","status-publish","hentry"],"aioseo_notices":[],"jetpack-related-posts":[{"id":903,"url":"https:\/\/gazetadoabranches.com\/index.php\/historia-do-jornal\/","url_meta":{"origin":879,"position":0},"title":"Hist\u00f3ria do jornal","author":"Gazeta do Abranches","date":"setembro 5, 2017","format":false,"excerpt":"O Jornal Gazeta do Abranches, \u00e9 um informativo que teve in\u00edcio em mar\u00e7o de 1996, sempre levando as informa\u00e7\u00f5es da nossa regi\u00e3o a toda a comunidade. O jornal tamb\u00e9m trabalha com um elo de liga\u00e7\u00e3o entre a popula\u00e7\u00e3o e o poder p\u00fablico, por estar sempre ouvindo os leitores e levando\u2026","rel":"","context":"Post similar","block_context":{"text":"Post similar","link":""},"img":{"alt_text":"Fotoshis","src":"https:\/\/i0.wp.com\/gazetaabranches.com.br\/wp-content\/uploads\/2017\/09\/Fotoshis-1024x359.png?resize=350%2C200","width":350,"height":200,"srcset":"https:\/\/i0.wp.com\/gazetaabranches.com.br\/wp-content\/uploads\/2017\/09\/Fotoshis-1024x359.png?resize=350%2C200 1x, https:\/\/i0.wp.com\/gazetaabranches.com.br\/wp-content\/uploads\/2017\/09\/Fotoshis-1024x359.png?resize=525%2C300 1.5x, https:\/\/i0.wp.com\/gazetaabranches.com.br\/wp-content\/uploads\/2017\/09\/Fotoshis-1024x359.png?resize=700%2C400 2x"},"classes":[]}],"jetpack_likes_enabled":true,"jetpack_sharing_enabled":true,"_links":{"self":[{"href":"https:\/\/gazetadoabranches.com\/index.php\/wp-json\/wp\/v2\/pages\/879","targetHints":{"allow":["GET"]}}],"collection":[{"href":"https:\/\/gazetadoabranches.com\/index.php\/wp-json\/wp\/v2\/pages"}],"about":[{"href":"https:\/\/gazetadoabranches.com\/index.php\/wp-json\/wp\/v2\/types\/page"}],"author":[{"embeddable":true,"href":"https:\/\/gazetadoabranches.com\/index.php\/wp-json\/wp\/v2\/users\/1"}],"replies":[{"embeddable":true,"href":"https:\/\/gazetadoabranches.com\/index.php\/wp-json\/wp\/v2\/comments?post=879"}],"version-history":[{"count":1,"href":"https:\/\/gazetadoabranches.com\/index.php\/wp-json\/wp\/v2\/pages\/879\/revisions"}],"predecessor-version":[{"id":881,"href":"https:\/\/gazetadoabranches.com\/index.php\/wp-json\/wp\/v2\/pages\/879\/revisions\/881"}],"wp:attachment":[{"href":"https:\/\/gazetadoabranches.com\/index.php\/wp-json\/wp\/v2\/media?parent=879"}],"curies":[{"name":"wp","href":"https:\/\/api.w.org\/{rel}","templated":true}]}}