{"id":896,"date":"2017-09-05T20:54:33","date_gmt":"2017-09-05T20:54:33","guid":{"rendered":"http:\/\/gazetaabranches.com.br\/?page_id=896"},"modified":"2018-03-12T18:43:15","modified_gmt":"2018-03-12T18:43:15","slug":"distribuicao","status":"publish","type":"page","link":"https:\/\/gazetadoabranches.com\/index.php\/distribuicao\/","title":{"rendered":"Distribui\u00e7\u00e3o"},"content":{"rendered":"<p>&nbsp;<\/p>\n<p><a href=\"http:\/\/gazetaabranches.com.br\/wp-content\/uploads\/2016\/06\/Sobre1.png\"><img loading=\"lazy\" decoding=\"async\" class=\"aligncenter size-large wp-image-891\" src=\"http:\/\/gazetadoabranches.com\/wp-content\/uploads\/2016\/06\/Sobre1-1024x348.png\" alt=\"\" width=\"750\" height=\"255\" \/><img loading=\"lazy\" decoding=\"async\" class=\"aligncenter size-full wp-image-890\" src=\"http:\/\/gazetadoabranches.com\/wp-content\/uploads\/2016\/06\/flecha_sobre.png\" alt=\"\" width=\"150\" height=\"134\" \/><\/a><\/p>\n<p>&nbsp;<\/p>\n<p>&nbsp;<\/p>\n<p><img loading=\"lazy\" decoding=\"async\" class=\"aligncenter size-full wp-image-892\" src=\"http:\/\/gazetadoabranches.com\/wp-content\/uploads\/2016\/06\/Sobre2.png\" alt=\"\" width=\"1023\" height=\"407\" \/><\/p>\n<p style=\"text-align: center;\"><strong>Distribu\u00eddos 2.500 exemplares nos com\u00e9rcios da regi\u00e3o do Abranches, Tabo\u00e3o, Barreirinha e S\u00e3o Louren\u00e7o e Vila Su\u00ed\u00e7a. Al\u00e9m dos \u00f3rg\u00e3os p\u00fablicos: Prefeitura Municipal de Curitiba, C\u00e2mara Municipal de Curitiba, Assembl\u00e9ia Legislativa e Regional Boa Vista.<\/strong><\/p>\n<p><img loading=\"lazy\" decoding=\"async\" class=\"aligncenter size-full wp-image-890\" src=\"http:\/\/gazetadoabranches.com\/wp-content\/uploads\/2016\/06\/flecha_sobre.png\" alt=\"\" width=\"150\" height=\"134\" \/><\/p>\n<p><img loading=\"lazy\" decoding=\"async\" class=\"aligncenter size-large wp-image-893\" src=\"http:\/\/gazetadoabranches.com\/wp-content\/uploads\/2016\/06\/sobre3-1024x388.png\" alt=\"\" width=\"750\" height=\"284\" \/><\/p>\n<p style=\"text-align: center;\"><strong>Distribu\u00eddos em 2.500 casas na regi\u00e3o do Abranches, Tabo\u00e3o, Barreirinha e S\u00e3o Louren\u00e7o. Com uma equipe que tem compromisso com o leitor, al\u00e9m da parceria com a ABEMBAR, respons\u00e1vel pela distribui\u00e7\u00e3o nas casas da regi\u00e3o da Barreirinha. Toda a distribui\u00e7\u00e3o \u00e9 acompanhada e fiscalizada.<\/strong><\/p>\n","protected":false},"excerpt":{"rendered":"<p>&nbsp; &nbsp; &nbsp; Distribu\u00eddos 2.500 exemplares nos com\u00e9rcios da regi\u00e3o do Abranches, Tabo\u00e3o, Barreirinha e S\u00e3o Louren\u00e7o e Vila Su\u00ed\u00e7a. Al\u00e9m dos \u00f3rg\u00e3os p\u00fablicos: Prefeitura Municipal de Curitiba, C\u00e2mara Municipal de Curitiba, Assembl\u00e9ia Legislativa e Regional Boa Vista. Distribu\u00eddos em 2.500 casas na regi\u00e3o do Abranches, Tabo\u00e3o, Barreirinha e S\u00e3o [&hellip;]<\/p>\n","protected":false},"author":1,"featured_media":0,"parent":0,"menu_order":8,"comment_status":"closed","ping_status":"closed","template":"","meta":{"ngg_post_thumbnail":0,"jetpack_post_was_ever_published":false,"amp_status":"","footnotes":""},"class_list":["post-896","page","type-page","status-publish","hentry"],"aioseo_notices":[],"jetpack-related-posts":[],"jetpack_likes_enabled":true,"jetpack_sharing_enabled":true,"_links":{"self":[{"href":"https:\/\/gazetadoabranches.com\/index.php\/wp-json\/wp\/v2\/pages\/896","targetHints":{"allow":["GET"]}}],"collection":[{"href":"https:\/\/gazetadoabranches.com\/index.php\/wp-json\/wp\/v2\/pages"}],"about":[{"href":"https:\/\/gazetadoabranches.com\/index.php\/wp-json\/wp\/v2\/types\/page"}],"author":[{"embeddable":true,"href":"https:\/\/gazetadoabranches.com\/index.php\/wp-json\/wp\/v2\/users\/1"}],"replies":[{"embeddable":true,"href":"https:\/\/gazetadoabranches.com\/index.php\/wp-json\/wp\/v2\/comments?post=896"}],"version-history":[{"count":5,"href":"https:\/\/gazetadoabranches.com\/index.php\/wp-json\/wp\/v2\/pages\/896\/revisions"}],"predecessor-version":[{"id":1378,"href":"https:\/\/gazetadoabranches.com\/index.php\/wp-json\/wp\/v2\/pages\/896\/revisions\/1378"}],"wp:attachment":[{"href":"https:\/\/gazetadoabranches.com\/index.php\/wp-json\/wp\/v2\/media?parent=896"}],"curies":[{"name":"wp","href":"https:\/\/api.w.org\/{rel}","templated":true}]}}