{"id":903,"date":"2017-09-05T20:55:44","date_gmt":"2017-09-05T20:55:44","guid":{"rendered":"http:\/\/gazetaabranches.com.br\/?page_id=903"},"modified":"2017-09-05T21:05:11","modified_gmt":"2017-09-05T21:05:11","slug":"historia-do-jornal","status":"publish","type":"page","link":"https:\/\/gazetadoabranches.com\/index.php\/historia-do-jornal\/","title":{"rendered":"Hist\u00f3ria do jornal"},"content":{"rendered":"<p>O Jornal Gazeta do Abranches, \u00e9 um informativo que teve in\u00edcio em mar\u00e7o de 1996, sempre levando as informa\u00e7\u00f5es da nossa regi\u00e3o a toda a comunidade. O jornal tamb\u00e9m trabalha com um elo de liga\u00e7\u00e3o entre a popula\u00e7\u00e3o e o poder p\u00fablico, por estar sempre ouvindo os leitores e levando suas reivindica\u00e7\u00f5es, publicando e cobrando melhorias, marcando reuni\u00f5es e divulgando as obras realizadas. Al\u00e9m de estar divulgando o com\u00e9rcio do bairro, seus produtos, suas promo\u00e7\u00f5es e sempre incentivando a comunidade a apoiar o com\u00e9rcio local.<\/p>\n<p><img loading=\"lazy\" decoding=\"async\" class=\"aligncenter\" src=\"http:\/\/gazetaabranches.com.br\/wp-content\/uploads\/2017\/09\/Fotoshis-1024x359.png\" alt=\"Fotoshis\" width=\"750\" height=\"263\" \/><\/p>\n<p>O jornal tem sua parte social, levando not\u00edcias sobre sa\u00fade, culin\u00e1ria, esportes, coluna social, noticias politicas, colunistas, reivindica\u00e7\u00f5es.<br \/>\nJ\u00e1 s\u00e3o 21 anos levando informa\u00e7\u00e3o aos moradores dos bairros: Abranches, Tabo\u00e3o, Barreirinha, S\u00e3o Louren\u00e7o e Vila Su\u00ed\u00e7a. Cada vez mais a Gazeta do Abranches est\u00e1 empenhada em levar a melhor informa\u00e7\u00e3o aos seus leitores, via jornal impresso mas tamb\u00e9m online. facebook\/GazetaA, Gazeta do Abranches, um jornal do bairro, para o bairro!<\/p>\n<p style=\"text-align: justify;\">\n","protected":false},"excerpt":{"rendered":"<p>O Jornal Gazeta do Abranches, \u00e9 um informativo que teve in\u00edcio em mar\u00e7o de 1996, sempre levando as informa\u00e7\u00f5es da nossa regi\u00e3o a toda a comunidade. O jornal tamb\u00e9m trabalha com um elo de liga\u00e7\u00e3o entre a popula\u00e7\u00e3o e o poder p\u00fablico, por estar sempre ouvindo os leitores e levando [&hellip;]<\/p>\n","protected":false},"author":1,"featured_media":0,"parent":0,"menu_order":13,"comment_status":"closed","ping_status":"closed","template":"","meta":{"ngg_post_thumbnail":0,"jetpack_post_was_ever_published":false,"amp_status":"","footnotes":""},"class_list":["post-903","page","type-page","status-publish","hentry"],"aioseo_notices":[],"jetpack-related-posts":[{"id":906,"url":"https:\/\/gazetadoabranches.com\/index.php\/por-que-anunciar\/","url_meta":{"origin":903,"position":0},"title":"Por que anunciar ?","author":"Gazeta do Abranches","date":"setembro 5, 2017","format":false,"excerpt":"Para os leitores de jornal, entre duas informa\u00e7\u00f5es diferentes sobre o mesmo assunto em dois meios, a do jornal sempre \u00e9 a mais confi\u00e1vel. 1. Jornal \u00e9 o ve\u00edculo de comunica\u00e7\u00e3o mais confi\u00e1vel para 58% dos brasileiros.Fonte: Pesquisa Brasileira de M\u00eddia 2015 \u2013 Ibope para Secretaria de Comunica\u00e7\u00e3o Social (Secom)\u2026","rel":"","context":"Post similar","block_context":{"text":"Post similar","link":""},"img":{"alt_text":"P_A","src":"https:\/\/i0.wp.com\/gazetaabranches.com.br\/wp-content\/uploads\/2017\/09\/P_A.png?resize=350%2C200","width":350,"height":200},"classes":[]},{"id":896,"url":"https:\/\/gazetadoabranches.com\/index.php\/distribuicao\/","url_meta":{"origin":903,"position":1},"title":"Distribui\u00e7\u00e3o","author":"Gazeta do Abranches","date":"setembro 5, 2017","format":false,"excerpt":"\u00a0 \u00a0 \u00a0 Distribu\u00eddos 2.500 exemplares nos com\u00e9rcios da regi\u00e3o do Abranches, Tabo\u00e3o, Barreirinha e S\u00e3o Louren\u00e7o e Vila Su\u00ed\u00e7a. Al\u00e9m dos \u00f3rg\u00e3os p\u00fablicos: Prefeitura Municipal de Curitiba, C\u00e2mara Municipal de Curitiba, Assembl\u00e9ia Legislativa e Regional Boa Vista. Distribu\u00eddos em 2.500 casas na regi\u00e3o do Abranches, Tabo\u00e3o, Barreirinha e S\u00e3o\u2026","rel":"","context":"Post similar","block_context":{"text":"Post similar","link":""},"img":{"alt_text":"","src":"https:\/\/i0.wp.com\/gazetadoabranches.com\/wp-content\/uploads\/2016\/06\/Sobre1-1024x348.png?resize=350%2C200","width":350,"height":200,"srcset":"https:\/\/i0.wp.com\/gazetadoabranches.com\/wp-content\/uploads\/2016\/06\/Sobre1-1024x348.png?resize=350%2C200 1x, https:\/\/i0.wp.com\/gazetadoabranches.com\/wp-content\/uploads\/2016\/06\/Sobre1-1024x348.png?resize=525%2C300 1.5x, https:\/\/i0.wp.com\/gazetadoabranches.com\/wp-content\/uploads\/2016\/06\/Sobre1-1024x348.png?resize=700%2C400 2x"},"classes":[]},{"id":879,"url":"https:\/\/gazetadoabranches.com\/index.php\/historia\/","url_meta":{"origin":903,"position":2},"title":"Hist\u00f3ria","author":"Gazeta do Abranches","date":"setembro 5, 2017","format":false,"excerpt":"","rel":"","context":"Post similar","block_context":{"text":"Post similar","link":""},"img":{"alt_text":"","src":"","width":0,"height":0},"classes":[]},{"id":968,"url":"https:\/\/gazetadoabranches.com\/index.php\/associacoes\/","url_meta":{"origin":903,"position":3},"title":"Associa\u00e7\u00f5es","author":"Gazeta do Abranches","date":"setembro 11, 2017","format":false,"excerpt":"","rel":"","context":"Post similar","block_context":{"text":"Post similar","link":""},"img":{"alt_text":"","src":"","width":0,"height":0},"classes":[]},{"id":900,"url":"https:\/\/gazetadoabranches.com\/index.php\/circulacao\/","url_meta":{"origin":903,"position":4},"title":"Circula\u00e7\u00e3o","author":"Gazeta do Abranches","date":"setembro 5, 2017","format":false,"excerpt":"","rel":"","context":"Post similar","block_context":{"text":"Post similar","link":""},"img":{"alt_text":"Mapa","src":"https:\/\/i0.wp.com\/gazetaabranches.com.br\/wp-content\/uploads\/2017\/09\/Mapa-1024x1024.png?resize=350%2C200","width":350,"height":200,"srcset":"https:\/\/i0.wp.com\/gazetaabranches.com.br\/wp-content\/uploads\/2017\/09\/Mapa-1024x1024.png?resize=350%2C200 1x, https:\/\/i0.wp.com\/gazetaabranches.com.br\/wp-content\/uploads\/2017\/09\/Mapa-1024x1024.png?resize=525%2C300 1.5x, https:\/\/i0.wp.com\/gazetaabranches.com.br\/wp-content\/uploads\/2017\/09\/Mapa-1024x1024.png?resize=700%2C400 2x"},"classes":[]}],"jetpack_likes_enabled":true,"jetpack_sharing_enabled":true,"_links":{"self":[{"href":"https:\/\/gazetadoabranches.com\/index.php\/wp-json\/wp\/v2\/pages\/903","targetHints":{"allow":["GET"]}}],"collection":[{"href":"https:\/\/gazetadoabranches.com\/index.php\/wp-json\/wp\/v2\/pages"}],"about":[{"href":"https:\/\/gazetadoabranches.com\/index.php\/wp-json\/wp\/v2\/types\/page"}],"author":[{"embeddable":true,"href":"https:\/\/gazetadoabranches.com\/index.php\/wp-json\/wp\/v2\/users\/1"}],"replies":[{"embeddable":true,"href":"https:\/\/gazetadoabranches.com\/index.php\/wp-json\/wp\/v2\/comments?post=903"}],"version-history":[{"count":6,"href":"https:\/\/gazetadoabranches.com\/index.php\/wp-json\/wp\/v2\/pages\/903\/revisions"}],"predecessor-version":[{"id":919,"href":"https:\/\/gazetadoabranches.com\/index.php\/wp-json\/wp\/v2\/pages\/903\/revisions\/919"}],"wp:attachment":[{"href":"https:\/\/gazetadoabranches.com\/index.php\/wp-json\/wp\/v2\/media?parent=903"}],"curies":[{"name":"wp","href":"https:\/\/api.w.org\/{rel}","templated":true}]}}