{"id":906,"date":"2017-09-05T20:56:09","date_gmt":"2017-09-05T20:56:09","guid":{"rendered":"http:\/\/gazetaabranches.com.br\/?page_id=906"},"modified":"2020-05-31T03:20:03","modified_gmt":"2020-05-31T03:20:03","slug":"por-que-anunciar","status":"publish","type":"page","link":"https:\/\/gazetadoabranches.com\/index.php\/por-que-anunciar\/","title":{"rendered":"Por que anunciar ?"},"content":{"rendered":"<p>Para os leitores de jornal, entre duas informa\u00e7\u00f5es diferentes sobre o mesmo assunto em dois meios, a do jornal sempre \u00e9 a mais confi\u00e1vel.<\/p>\n<p><strong>1.<\/strong> Jornal \u00e9 o ve\u00edculo de comunica\u00e7\u00e3o <span style=\"color: #ff9900;\"><strong>mais confi\u00e1vel<\/strong><\/span> para <strong><span style=\"color: #ff9900;\">58%<\/span><\/strong> dos brasileiros.Fonte: Pesquisa Brasileira de M\u00eddia 2015 \u2013 Ibope para Secretaria de Comunica\u00e7\u00e3o Social (Secom)<\/p>\n<p><strong>2.<\/strong> No quesito confian\u00e7a na propaganda veiculada em diferentes meios de comunica\u00e7\u00e3o, os jornais impressos s\u00e3o considerados os <span style=\"color: #ff9900;\"><strong>mais confi\u00e1veis<\/strong><\/span> para <span style=\"color: #ff9900;\"><strong>47%<\/strong><\/span> dos brasileiros. Isso demonstra credibilidade estendida.Fonte: Pesquisa Brasileira de M\u00eddia 2015 \u2013 Ibope para Secretaria de Comunica\u00e7\u00e3o Social (Secom)<\/p>\n<p><strong>3.<\/strong>&nbsp;<span style=\"color: #ff9900;\"><strong>80%<\/strong><\/span> afirmam que ler em papel \u00e9 <strong><span style=\"color: #ff9900;\">mais agrad\u00e1vel<\/span><\/strong> do que ler em uma tela. Fonte: Pesquisa Brasileira de M\u00eddia 2015 \u2013 Ibope para Secretaria de Comunica\u00e7\u00e3o Social (Secom)<\/p>\n<p><strong>4.<\/strong> Jornal \u00e9 o meio de comunica\u00e7\u00e3o com maior n\u00edvel de <span style=\"color: #ff9900;\"><strong>aten\u00e7\u00e3o exclusiva<\/strong><\/span>. Entre os leitores de jornal, <span style=\"color: #ff9900;\">50%<\/span> disseram n\u00e3o fazer nenhuma outra atividade enquanto o consome. Fonte: Pesquisa Brasileira de M\u00eddia 2015 \u2013 Ibope para Secretaria de Comunica\u00e7\u00e3o Social (Secom).<\/p>\n<p><img loading=\"lazy\" decoding=\"async\" class=\"aligncenter wp-image-921 \" src=\"http:\/\/gazetaabranches.com.br\/wp-content\/uploads\/2017\/09\/P_A.png\" alt=\"P_A\" width=\"190\" height=\"190\"><\/p>\n","protected":false},"excerpt":{"rendered":"<p>Para os leitores de jornal, entre duas informa\u00e7\u00f5es diferentes sobre o mesmo assunto em dois meios, a do jornal sempre \u00e9 a mais confi\u00e1vel. 1. Jornal \u00e9 o ve\u00edculo de comunica\u00e7\u00e3o mais confi\u00e1vel para 58% dos brasileiros.Fonte: Pesquisa Brasileira de M\u00eddia 2015 \u2013 Ibope para Secretaria de Comunica\u00e7\u00e3o Social (Secom) [&hellip;]<\/p>\n","protected":false},"author":1,"featured_media":0,"parent":0,"menu_order":14,"comment_status":"closed","ping_status":"closed","template":"","meta":{"ngg_post_thumbnail":0,"jetpack_post_was_ever_published":false,"amp_status":"","footnotes":""},"class_list":["post-906","page","type-page","status-publish","hentry"],"aioseo_notices":[],"jetpack-related-posts":[{"id":903,"url":"https:\/\/gazetadoabranches.com\/index.php\/historia-do-jornal\/","url_meta":{"origin":906,"position":0},"title":"Hist\u00f3ria do jornal","author":"Gazeta do Abranches","date":"setembro 5, 2017","format":false,"excerpt":"O Jornal Gazeta do Abranches, \u00e9 um informativo que teve in\u00edcio em mar\u00e7o de 1996, sempre levando as informa\u00e7\u00f5es da nossa regi\u00e3o a toda a comunidade. O jornal tamb\u00e9m trabalha com um elo de liga\u00e7\u00e3o entre a popula\u00e7\u00e3o e o poder p\u00fablico, por estar sempre ouvindo os leitores e levando\u2026","rel":"","context":"Post similar","block_context":{"text":"Post similar","link":""},"img":{"alt_text":"Fotoshis","src":"https:\/\/i0.wp.com\/gazetaabranches.com.br\/wp-content\/uploads\/2017\/09\/Fotoshis-1024x359.png?resize=350%2C200","width":350,"height":200,"srcset":"https:\/\/i0.wp.com\/gazetaabranches.com.br\/wp-content\/uploads\/2017\/09\/Fotoshis-1024x359.png?resize=350%2C200 1x, https:\/\/i0.wp.com\/gazetaabranches.com.br\/wp-content\/uploads\/2017\/09\/Fotoshis-1024x359.png?resize=525%2C300 1.5x, https:\/\/i0.wp.com\/gazetaabranches.com.br\/wp-content\/uploads\/2017\/09\/Fotoshis-1024x359.png?resize=700%2C400 2x"},"classes":[]}],"jetpack_likes_enabled":true,"jetpack_sharing_enabled":true,"_links":{"self":[{"href":"https:\/\/gazetadoabranches.com\/index.php\/wp-json\/wp\/v2\/pages\/906","targetHints":{"allow":["GET"]}}],"collection":[{"href":"https:\/\/gazetadoabranches.com\/index.php\/wp-json\/wp\/v2\/pages"}],"about":[{"href":"https:\/\/gazetadoabranches.com\/index.php\/wp-json\/wp\/v2\/types\/page"}],"author":[{"embeddable":true,"href":"https:\/\/gazetadoabranches.com\/index.php\/wp-json\/wp\/v2\/users\/1"}],"replies":[{"embeddable":true,"href":"https:\/\/gazetadoabranches.com\/index.php\/wp-json\/wp\/v2\/comments?post=906"}],"version-history":[{"count":4,"href":"https:\/\/gazetadoabranches.com\/index.php\/wp-json\/wp\/v2\/pages\/906\/revisions"}],"predecessor-version":[{"id":5729,"href":"https:\/\/gazetadoabranches.com\/index.php\/wp-json\/wp\/v2\/pages\/906\/revisions\/5729"}],"wp:attachment":[{"href":"https:\/\/gazetadoabranches.com\/index.php\/wp-json\/wp\/v2\/media?parent=906"}],"curies":[{"name":"wp","href":"https:\/\/api.w.org\/{rel}","templated":true}]}}